{"id":1121,"date":"2016-10-28T07:08:26","date_gmt":"2016-10-28T05:08:26","guid":{"rendered":"https:\/\/www.kuberth.com\/product\/cuscino-easyrise\/"},"modified":"2022-09-12T15:48:41","modified_gmt":"2022-09-12T13:48:41","slug":"reifenkissen-fuer-autos-easyrise","status":"publish","type":"product","link":"https:\/\/www.kuberth.com\/de\/shop\/reifenkissen-fuer-autos-easyrise\/","title":{"rendered":"Easyrise S"},"content":{"rendered":"<p><strong>EASYRISE S<\/strong> ist ein Kissen, das die Ovalisierung der Autoreifen bei langen Stopps verhindert. Seine Form, das Ergebnis eines sorgf\u00e4ltigen Designs, und der spezielle Polyurethanschaum, mit dem es hergestellt wird, erm\u00f6glichen es dem Auto, auf einer deutlich gr\u00f6\u00dferen Oberfl\u00e4che zu ruhen, wodurch ein Abplatten der Reifen vermieden wird, das nach langer Zeit zu Sch\u00e4den f\u00fchren k\u00f6nnte.<\/p>\n<h3>\nTECHNISCHE EIGENSCHAFTEN<\/h3>\n<p>Selbsth\u00e4utendes Polyurethan mit Formged\u00e4chtnis.<br \/>\nDie manuelle und mit Wasserlacken durchgef\u00fchrte Lackierung bietet eine hervorragende UV-Best\u00e4ndigkeit, so dass sie auch im Au\u00dfenbereich eingesetzt werden kann.<\/p>\n<h3>WAS ENTH\u00c4LT 1 KIT<\/h3>\n<p>Jedes KIT besteht aus 4 Kissen und 2 Gelpads, die unter jedem Kissen positioniert werden. Die Gelpads werden verwendet, um die Kissen auf den Boden zu kleben. Wenn Sie die Kissen neu positionieren m\u00f6chten, waschen Sie die Gelpads einfach mit Wasser und trocknen Sie sie dann, um die Haftkraft zu regenerieren.<br \/>\nEbenfalls enthalten ist eine Tasche zur Aufbewahrung der Kissen, wenn sie nicht verwendet werden.<\/p>\n<h3>UNTERST\u00dcTZTE ABMESSUNGEN<\/h3>\n<p>Maximale Reifenbreite &#8211; 380 mm<br \/>\nMaximal empfohlener Durchmesser &#8211; 750 mm<br \/>\nMaximal empfohlenes Gewicht &#8211; 2700 kg<\/p>\n","protected":false},"excerpt":{"rendered":"<p>EASYRISE S ist ein Kissen, das die Ovalisierung der Autoreifen bei langen Stopps verhindert. [&#8230;]<\/p>\n<p><a class=\"btn btn-secondary understrap-read-more-link\" href=\"https:\/\/www.kuberth.com\/de\/shop\/reifenkissen-fuer-autos-easyrise\/\">Weiterlesen\u00a0\u2026<span class=\"screen-reader-text\"> from Easyrise S<\/span><\/a><\/p>\n","protected":false},"featured_media":4396,"comment_status":"closed","ping_status":"closed","template":"","meta":{"_acf_changed":false},"product_brand":[],"product_cat":[133],"product_tag":[],"class_list":{"0":"post-1121","1":"product","2":"type-product","3":"status-publish","4":"has-post-thumbnail","6":"product_cat-uncategorized-de","7":"product_shipping_class-easyrise-shipping-de","9":"first","10":"instock","11":"taxable","12":"shipping-taxable","13":"purchasable","14":"product-type-variable"},"acf":[],"_links":{"self":[{"href":"https:\/\/www.kuberth.com\/de\/wp-json\/wp\/v2\/product\/1121","targetHints":{"allow":["GET"]}}],"collection":[{"href":"https:\/\/www.kuberth.com\/de\/wp-json\/wp\/v2\/product"}],"about":[{"href":"https:\/\/www.kuberth.com\/de\/wp-json\/wp\/v2\/types\/product"}],"replies":[{"embeddable":true,"href":"https:\/\/www.kuberth.com\/de\/wp-json\/wp\/v2\/comments?post=1121"}],"wp:featuredmedia":[{"embeddable":true,"href":"https:\/\/www.kuberth.com\/de\/wp-json\/wp\/v2\/media\/4396"}],"wp:attachment":[{"href":"https:\/\/www.kuberth.com\/de\/wp-json\/wp\/v2\/media?parent=1121"}],"wp:term":[{"taxonomy":"product_brand","embeddable":true,"href":"https:\/\/www.kuberth.com\/de\/wp-json\/wp\/v2\/product_brand?post=1121"},{"taxonomy":"product_cat","embeddable":true,"href":"https:\/\/www.kuberth.com\/de\/wp-json\/wp\/v2\/product_cat?post=1121"},{"taxonomy":"product_tag","embeddable":true,"href":"https:\/\/www.kuberth.com\/de\/wp-json\/wp\/v2\/product_tag?post=1121"}],"curies":[{"name":"wp","href":"https:\/\/api.w.org\/{rel}","templated":true}]}}