{"id":11975,"date":"2023-10-12T13:29:43","date_gmt":"2023-10-12T11:29:43","guid":{"rendered":"https:\/\/www.kuberth.com\/?post_type=product&#038;p=11975"},"modified":"2023-10-20T15:29:57","modified_gmt":"2023-10-20T13:29:57","slug":"gate-anti-ermuedungsmatte","status":"publish","type":"product","link":"https:\/\/www.kuberth.com\/de\/shop\/gate-anti-ermuedungsmatte\/","title":{"rendered":"GATE"},"content":{"rendered":"<h3>BESCHREIBUNG<\/h3>\n<p>GATE ist eine Anti-Erm\u00fcdungsmatte, die Menschen, die l\u00e4ngere Zeit im Stehen arbeiten, beispielsweise in Produktionslinien oder an anderen festen Standorten, Komfort und Unterst\u00fctzung bietet.<\/p>\n<p>Die von Hand und mit Farben auf Wasserbasis durchgef\u00fchrte Lackierung weist eine hervorragende UV-Best\u00e4ndigkeit auf, so dass sie auch im Au\u00dfenbereich eingesetzt werden kann.<br \/>\nAbh\u00e4ngig vom Gewicht des Endbenutzers ist die Matte in zwei verschiedenen St\u00e4rken erh\u00e4ltlich.<\/p>\n<p>&nbsp;<\/p>\n<h3>TECHNISCHE EIGENSCHAFTEN<\/h3>\n<table class=\"table\">\n<tbody>\n<tr>\n<td>Produkt:<\/td>\n<td>Hergestellt in Italien<\/td>\n<\/tr>\n<tr>\n<td>Verkauft als:<\/td>\n<td>Einzelst\u00fcck<\/td>\n<\/tr>\n<tr>\n<td>Breite:<\/td>\n<td>800 mm<\/td>\n<\/tr>\n<tr>\n<td>L\u00e4nge:<\/td>\n<td>500 mm<\/td>\n<\/tr>\n<tr>\n<td>Dicke:<\/td>\n<td>Variabel 15-25 mm<\/td>\n<\/tr>\n<tr>\n<td>Gewicht:<\/td>\n<td>2\/2,5 Kg<\/td>\n<\/tr>\n<tr>\n<td>Material:<\/td>\n<td>Selbstverhautendes, integrales, halbstarres Polyurethan<\/td>\n<\/tr>\n<\/tbody>\n<\/table>\n","protected":false},"excerpt":{"rendered":"<p>BESCHREIBUNG GATE ist eine Anti-Erm\u00fcdungsmatte, die Menschen, die l\u00e4ngere Zeit im Stehen arbeiten, beispielsweise [&#8230;]<\/p>\n<p><a class=\"btn btn-secondary understrap-read-more-link\" href=\"https:\/\/www.kuberth.com\/de\/shop\/gate-anti-ermuedungsmatte\/\">Weiterlesen\u00a0\u2026<span class=\"screen-reader-text\"> from GATE<\/span><\/a><\/p>\n","protected":false},"featured_media":12123,"comment_status":"open","ping_status":"closed","template":"","meta":{"_acf_changed":false},"product_brand":[],"product_cat":[133],"product_tag":[],"class_list":{"0":"post-11975","1":"product","2":"type-product","3":"status-publish","4":"has-post-thumbnail","6":"product_cat-uncategorized-de","8":"first","9":"instock","10":"taxable","11":"shipping-taxable","12":"purchasable","13":"product-type-variable"},"acf":[],"_links":{"self":[{"href":"https:\/\/www.kuberth.com\/de\/wp-json\/wp\/v2\/product\/11975","targetHints":{"allow":["GET"]}}],"collection":[{"href":"https:\/\/www.kuberth.com\/de\/wp-json\/wp\/v2\/product"}],"about":[{"href":"https:\/\/www.kuberth.com\/de\/wp-json\/wp\/v2\/types\/product"}],"replies":[{"embeddable":true,"href":"https:\/\/www.kuberth.com\/de\/wp-json\/wp\/v2\/comments?post=11975"}],"wp:featuredmedia":[{"embeddable":true,"href":"https:\/\/www.kuberth.com\/de\/wp-json\/wp\/v2\/media\/12123"}],"wp:attachment":[{"href":"https:\/\/www.kuberth.com\/de\/wp-json\/wp\/v2\/media?parent=11975"}],"wp:term":[{"taxonomy":"product_brand","embeddable":true,"href":"https:\/\/www.kuberth.com\/de\/wp-json\/wp\/v2\/product_brand?post=11975"},{"taxonomy":"product_cat","embeddable":true,"href":"https:\/\/www.kuberth.com\/de\/wp-json\/wp\/v2\/product_cat?post=11975"},{"taxonomy":"product_tag","embeddable":true,"href":"https:\/\/www.kuberth.com\/de\/wp-json\/wp\/v2\/product_tag?post=11975"}],"curies":[{"name":"wp","href":"https:\/\/api.w.org\/{rel}","templated":true}]}}