{"id":2433,"date":"2017-10-24T00:09:01","date_gmt":"2017-10-23T22:24:29","guid":{"rendered":"https:\/\/www.kuberth.com\/?post_type=product&#038;p=2433"},"modified":"2022-09-14T15:02:31","modified_gmt":"2022-09-14T13:02:31","slug":"schutz-fuer-garage-wavepark","status":"publish","type":"product","link":"https:\/\/www.kuberth.com\/de\/shop\/schutz-fuer-garage-wavepark\/","title":{"rendered":"Wavepark"},"content":{"rendered":"<h3>BESCHREIBUNG<\/h3>\n<div class=\"page\" title=\"Page 13\">\n<div class=\"layoutArea\">\n<div class=\"column\">\n<p>Wavepark ist ein Schutz, der den Aufprall von Front, Heck und Seite des Fahrzeugs w\u00e4hrend des Man\u00f6vrierens abfedern soll, sodass man auch in den engsten Garagen den Platz voll ausnutzen kann.<\/p>\n<p>Seine Konstruktion ist so ausgelegt, dass der Aufprall bei niedriger Geschwindigkeit und ohne Besch\u00e4digung der Karosserie absorbiert wird, um die Funktionalit\u00e4t und Eleganz auch in den luxuri\u00f6sesten Garagen.<\/p>\n<\/div>\n<\/div>\n<\/div>\n<h3>MASSE<\/h3>\n<ul>\n<li>Vorder: 2 Schutzvorrichtungen 60 x 60 x 3,5 cm<\/li>\n<li>seitlich: 2 Schutzvorrichtungen 30 x 40 x 2,5 cm<\/li>\n<\/ul>\n","protected":false},"excerpt":{"rendered":"<p>BESCHREIBUNG Wavepark ist ein Schutz, der den Aufprall von Front, Heck und Seite des [&#8230;]<\/p>\n<p><a class=\"btn btn-secondary understrap-read-more-link\" href=\"https:\/\/www.kuberth.com\/de\/shop\/schutz-fuer-garage-wavepark\/\">Weiterlesen\u00a0\u2026<span class=\"screen-reader-text\"> from Wavepark<\/span><\/a><\/p>\n","protected":false},"featured_media":1207,"comment_status":"closed","ping_status":"closed","template":"","meta":{"_acf_changed":false},"product_brand":[],"product_cat":[133],"product_tag":[],"class_list":{"0":"post-2433","1":"product","2":"type-product","3":"status-publish","4":"has-post-thumbnail","6":"product_cat-uncategorized-de","7":"product_shipping_class-wavepark-shipping-de","9":"first","10":"instock","11":"taxable","12":"shipping-taxable","13":"purchasable","14":"product-type-variable"},"acf":[],"_links":{"self":[{"href":"https:\/\/www.kuberth.com\/de\/wp-json\/wp\/v2\/product\/2433","targetHints":{"allow":["GET"]}}],"collection":[{"href":"https:\/\/www.kuberth.com\/de\/wp-json\/wp\/v2\/product"}],"about":[{"href":"https:\/\/www.kuberth.com\/de\/wp-json\/wp\/v2\/types\/product"}],"replies":[{"embeddable":true,"href":"https:\/\/www.kuberth.com\/de\/wp-json\/wp\/v2\/comments?post=2433"}],"wp:featuredmedia":[{"embeddable":true,"href":"https:\/\/www.kuberth.com\/de\/wp-json\/wp\/v2\/media\/1207"}],"wp:attachment":[{"href":"https:\/\/www.kuberth.com\/de\/wp-json\/wp\/v2\/media?parent=2433"}],"wp:term":[{"taxonomy":"product_brand","embeddable":true,"href":"https:\/\/www.kuberth.com\/de\/wp-json\/wp\/v2\/product_brand?post=2433"},{"taxonomy":"product_cat","embeddable":true,"href":"https:\/\/www.kuberth.com\/de\/wp-json\/wp\/v2\/product_cat?post=2433"},{"taxonomy":"product_tag","embeddable":true,"href":"https:\/\/www.kuberth.com\/de\/wp-json\/wp\/v2\/product_tag?post=2433"}],"curies":[{"name":"wp","href":"https:\/\/api.w.org\/{rel}","templated":true}]}}