{"id":3710,"date":"2019-01-31T07:23:29","date_gmt":"2019-01-31T06:23:30","guid":{"rendered":"https:\/\/www.kuberth.com\/?post_type=product&#038;p=3710"},"modified":"2022-09-12T15:54:09","modified_gmt":"2022-09-12T13:54:09","slug":"easyrise-v","status":"publish","type":"product","link":"https:\/\/www.kuberth.com\/de\/shop\/easyrise-v\/","title":{"rendered":"Easyrise V"},"content":{"rendered":"<p><strong>EASYRISE V<\/strong> ist ein Formged\u00e4chtniskissen, das verhindert, dass der Reifen bei langen Stopps oval wird, indem es das Gewicht des Autos auf eine breitere Auflagefl\u00e4che verteilt.<\/p>\n<p>Ein Produkt f\u00fcr die Automobilindustrie, ma\u00dfgeschneidert f\u00fcr OLDTIMER.<\/p>\n<h3>TECHNISCHE EIGENSCHAFTEN<\/h3>\n<p>Selbsth\u00e4utendes Polyurethan mit Formged\u00e4chtnis.<br \/>\nDie manuelle und mit Wasserlacken durchgef\u00fchrte Lackierung bietet eine hervorragende UV-Best\u00e4ndigkeit, so dass sie auch im Au\u00dfenbereich eingesetzt werden kann.<\/p>\n<h3>WAS ENTH\u00c4LT 1 KIT<\/h3>\n<p>Jedes KIT besteht aus 4 Kissen und 2 Gelpads, die unter jedem Kissen positioniert werden. Die Gelpads werden verwendet, um die Kissen auf den Boden zu kleben. Wenn Sie die Kissen neu positionieren m\u00f6chten, waschen Sie die Gelpads einfach mit Wasser und trocknen Sie sie dann, um die Haftkraft zu regenerieren.<br \/>\nEbenfalls enthalten ist eine Tasche zur Aufbewahrung der Kissen, wenn sie nicht verwendet werden.<\/p>\n<h3>UNTERST\u00dcTZTE ABMESSUNGEN<\/h3>\n<p>Maximale Reifenbreite &#8211; 230 mm<br \/>\nMaximal empfohlener Durchmesser &#8211; 750 mm<br \/>\nMaximal empfohlenes Gewicht &#8211; 2200 kg<\/p>\n","protected":false},"excerpt":{"rendered":"<p>EASYRISE V ist ein Formged\u00e4chtniskissen, das verhindert, dass der Reifen bei langen Stopps oval [&#8230;]<\/p>\n<p><a class=\"btn btn-secondary understrap-read-more-link\" href=\"https:\/\/www.kuberth.com\/de\/shop\/easyrise-v\/\">Weiterlesen\u00a0\u2026<span class=\"screen-reader-text\"> from Easyrise V<\/span><\/a><\/p>\n","protected":false},"featured_media":3749,"comment_status":"closed","ping_status":"closed","template":"","meta":{"_acf_changed":false},"product_brand":[],"product_cat":[133],"product_tag":[],"class_list":{"0":"post-3710","1":"product","2":"type-product","3":"status-publish","4":"has-post-thumbnail","6":"product_cat-uncategorized-de","7":"product_shipping_class-easyrise-shipping-de","9":"first","10":"instock","11":"taxable","12":"shipping-taxable","13":"purchasable","14":"product-type-variable"},"acf":[],"_links":{"self":[{"href":"https:\/\/www.kuberth.com\/de\/wp-json\/wp\/v2\/product\/3710","targetHints":{"allow":["GET"]}}],"collection":[{"href":"https:\/\/www.kuberth.com\/de\/wp-json\/wp\/v2\/product"}],"about":[{"href":"https:\/\/www.kuberth.com\/de\/wp-json\/wp\/v2\/types\/product"}],"replies":[{"embeddable":true,"href":"https:\/\/www.kuberth.com\/de\/wp-json\/wp\/v2\/comments?post=3710"}],"wp:featuredmedia":[{"embeddable":true,"href":"https:\/\/www.kuberth.com\/de\/wp-json\/wp\/v2\/media\/3749"}],"wp:attachment":[{"href":"https:\/\/www.kuberth.com\/de\/wp-json\/wp\/v2\/media?parent=3710"}],"wp:term":[{"taxonomy":"product_brand","embeddable":true,"href":"https:\/\/www.kuberth.com\/de\/wp-json\/wp\/v2\/product_brand?post=3710"},{"taxonomy":"product_cat","embeddable":true,"href":"https:\/\/www.kuberth.com\/de\/wp-json\/wp\/v2\/product_cat?post=3710"},{"taxonomy":"product_tag","embeddable":true,"href":"https:\/\/www.kuberth.com\/de\/wp-json\/wp\/v2\/product_tag?post=3710"}],"curies":[{"name":"wp","href":"https:\/\/api.w.org\/{rel}","templated":true}]}}