{"id":1131,"date":"2016-10-28T07:08:26","date_gmt":"2016-10-28T05:08:26","guid":{"rendered":"https:\/\/www.kuberth.com\/product\/cuscino-easyrise\/"},"modified":"2022-09-12T15:47:31","modified_gmt":"2022-09-12T13:47:31","slug":"cojines-anti-ovalizacion-para-coche-easyrise","status":"publish","type":"product","link":"https:\/\/www.kuberth.com\/es\/shop\/cojines-anti-ovalizacion-para-coche-easyrise\/","title":{"rendered":"Easyrise S"},"content":{"rendered":"<p><strong>EASYRISE S<\/strong> es un coj\u00edn que evita la ovalizaci\u00f3n de los neum\u00e1ticos del coche durante largas paradas. Su forma, resultado de un cuidado dise\u00f1o, y la espuma de poliuretano especial con la que est\u00e1 fabricado, permiten que el coche descanse sobre una superficie claramente mayor evitando el pinchazo de los neum\u00e1ticos que, despu\u00e9s de mucho tiempo, podr\u00eda provocar da\u00f1os.<\/p>\n<h3>\nCARACTER\u00cdSTICAS T\u00c9CNICAS<\/h3>\n<p>Poliuretano con autodesprendimiento con memoria de forma.<br \/>\nLa pintura realizada de forma manual y con pinturas al agua ofrece una excelente resistencia a los rayos UV por lo que tambi\u00e9n se puede utilizar en espacios exteriores.<\/p>\n<h3>QU\u00c9 INCLUYE 1 KIT<\/h3>\n<p>Cada KIT consta de 4 cojines y 2 almohadillas de gel colocadas debajo de cada coj\u00edn. Las almohadillas de gel se utilizan para pegar los cojines al suelo. Si desea cambiar la posici\u00f3n de los cojines, simplemente lave con agua y luego seque las almohadillas de gel para regenerar el poder de adherencia.<br \/>\nTambi\u00e9n se incluye una bolsa para guardar los cojines cuando no se usan.<\/p>\n<h3>DIMENSIONES SOPORTADAS<\/h3>\n<p>Ancho m\u00e1ximo de neum\u00e1tico &#8211; 380 mm<br \/>\nDi\u00e1metro m\u00e1ximo recomendado &#8211; 750 mm<br \/>\nPeso m\u00e1ximo recomendado &#8211; 2700 kg<\/p>\n<p>&nbsp;<\/p>\n","protected":false},"excerpt":{"rendered":"<p>EASYRISE S es un coj\u00edn que evita la ovalizaci\u00f3n de los neum\u00e1ticos del coche [&#8230;]<\/p>\n<p><a class=\"btn btn-secondary understrap-read-more-link\" href=\"https:\/\/www.kuberth.com\/es\/shop\/cojines-anti-ovalizacion-para-coche-easyrise\/\">Leer m\u00e1s&#8230;<span class=\"screen-reader-text\"> from Easyrise S<\/span><\/a><\/p>\n","protected":false},"featured_media":4397,"comment_status":"closed","ping_status":"closed","template":"","meta":{"_acf_changed":false},"product_brand":[],"product_cat":[135],"product_tag":[],"class_list":{"0":"post-1131","1":"product","2":"type-product","3":"status-publish","4":"has-post-thumbnail","6":"product_cat-uncategorized-es","7":"product_shipping_class-easyrise-shipping-es","9":"first","10":"instock","11":"taxable","12":"shipping-taxable","13":"purchasable","14":"product-type-variable"},"acf":[],"_links":{"self":[{"href":"https:\/\/www.kuberth.com\/es\/wp-json\/wp\/v2\/product\/1131","targetHints":{"allow":["GET"]}}],"collection":[{"href":"https:\/\/www.kuberth.com\/es\/wp-json\/wp\/v2\/product"}],"about":[{"href":"https:\/\/www.kuberth.com\/es\/wp-json\/wp\/v2\/types\/product"}],"replies":[{"embeddable":true,"href":"https:\/\/www.kuberth.com\/es\/wp-json\/wp\/v2\/comments?post=1131"}],"wp:featuredmedia":[{"embeddable":true,"href":"https:\/\/www.kuberth.com\/es\/wp-json\/wp\/v2\/media\/4397"}],"wp:attachment":[{"href":"https:\/\/www.kuberth.com\/es\/wp-json\/wp\/v2\/media?parent=1131"}],"wp:term":[{"taxonomy":"product_brand","embeddable":true,"href":"https:\/\/www.kuberth.com\/es\/wp-json\/wp\/v2\/product_brand?post=1131"},{"taxonomy":"product_cat","embeddable":true,"href":"https:\/\/www.kuberth.com\/es\/wp-json\/wp\/v2\/product_cat?post=1131"},{"taxonomy":"product_tag","embeddable":true,"href":"https:\/\/www.kuberth.com\/es\/wp-json\/wp\/v2\/product_tag?post=1131"}],"curies":[{"name":"wp","href":"https:\/\/api.w.org\/{rel}","templated":true}]}}