{"id":3720,"date":"2019-01-31T07:23:29","date_gmt":"2019-01-31T06:23:31","guid":{"rendered":"https:\/\/www.kuberth.com\/?post_type=product&#038;p=3720"},"modified":"2022-09-12T15:56:00","modified_gmt":"2022-09-12T13:56:00","slug":"easyrise-v","status":"publish","type":"product","link":"https:\/\/www.kuberth.com\/es\/shop\/easyrise-v\/","title":{"rendered":"Easyrise V"},"content":{"rendered":"<p><strong>EASYRISE V<\/strong> es un coj\u00edn con memoria de forma que evita que el neum\u00e1tico se ovalice durante largas paradas al distribuir el peso del autom\u00f3vil sobre una superficie de apoyo m\u00e1s amplia.<\/p>\n<p>Un producto dise\u00f1ado para la industria del autom\u00f3vil, hecho a medida para los COCHES DE \u00c9POCA.<\/p>\n<h3>CARACTER\u00cdSTICAS T\u00c9CNICAS<\/h3>\n<p>Poliuretano con autodesprendimiento con memoria de forma.<br \/>\nLa pintura realizada de forma manual y con pinturas al agua ofrece una excelente resistencia a los rayos UV por lo que tambi\u00e9n se puede utilizar en espacios exteriores.<\/p>\n<h3>QU\u00c9 INCLUYE 1 KIT<\/h3>\n<p>Cada KIT consta de 4 cojines y 2 almohadillas de gel colocadas debajo de cada coj\u00edn. Las almohadillas de gel se utilizan para pegar los cojines al suelo. Si desea cambiar la posici\u00f3n de los cojines, simplemente lave con agua y luego seque las almohadillas de gel para regenerar el poder de adherencia.<br \/>\nTambi\u00e9n se incluye una bolsa para guardar los cojines cuando no se usan.<\/p>\n<h3>DIMENSIONES SOPORTADAS<\/h3>\n<p>Ancho m\u00e1ximo de neum\u00e1tico &#8211; 230 mm<br \/>\nDi\u00e1metro m\u00e1ximo recomendado &#8211; 750 mm<br \/>\nPeso m\u00e1ximo recomendado &#8211; 2200kg<\/p>\n","protected":false},"excerpt":{"rendered":"<p>EASYRISE V es un coj\u00edn con memoria de forma que evita que el neum\u00e1tico [&#8230;]<\/p>\n<p><a class=\"btn btn-secondary understrap-read-more-link\" href=\"https:\/\/www.kuberth.com\/es\/shop\/easyrise-v\/\">Leer m\u00e1s&#8230;<span class=\"screen-reader-text\"> from Easyrise V<\/span><\/a><\/p>\n","protected":false},"featured_media":3750,"comment_status":"closed","ping_status":"closed","template":"","meta":{"_acf_changed":false},"product_brand":[],"product_cat":[135],"product_tag":[],"class_list":{"0":"post-3720","1":"product","2":"type-product","3":"status-publish","4":"has-post-thumbnail","6":"product_cat-uncategorized-es","7":"product_shipping_class-easyrise-shipping-es","9":"first","10":"instock","11":"taxable","12":"shipping-taxable","13":"purchasable","14":"product-type-variable"},"acf":[],"_links":{"self":[{"href":"https:\/\/www.kuberth.com\/es\/wp-json\/wp\/v2\/product\/3720","targetHints":{"allow":["GET"]}}],"collection":[{"href":"https:\/\/www.kuberth.com\/es\/wp-json\/wp\/v2\/product"}],"about":[{"href":"https:\/\/www.kuberth.com\/es\/wp-json\/wp\/v2\/types\/product"}],"replies":[{"embeddable":true,"href":"https:\/\/www.kuberth.com\/es\/wp-json\/wp\/v2\/comments?post=3720"}],"wp:featuredmedia":[{"embeddable":true,"href":"https:\/\/www.kuberth.com\/es\/wp-json\/wp\/v2\/media\/3750"}],"wp:attachment":[{"href":"https:\/\/www.kuberth.com\/es\/wp-json\/wp\/v2\/media?parent=3720"}],"wp:term":[{"taxonomy":"product_brand","embeddable":true,"href":"https:\/\/www.kuberth.com\/es\/wp-json\/wp\/v2\/product_brand?post=3720"},{"taxonomy":"product_cat","embeddable":true,"href":"https:\/\/www.kuberth.com\/es\/wp-json\/wp\/v2\/product_cat?post=3720"},{"taxonomy":"product_tag","embeddable":true,"href":"https:\/\/www.kuberth.com\/es\/wp-json\/wp\/v2\/product_tag?post=3720"}],"curies":[{"name":"wp","href":"https:\/\/api.w.org\/{rel}","templated":true}]}}