{"id":3725,"date":"2019-01-31T07:23:29","date_gmt":"2019-01-31T06:23:31","guid":{"rendered":"https:\/\/www.kuberth.com\/?post_type=product&#038;p=3725"},"modified":"2022-09-12T15:55:08","modified_gmt":"2022-09-12T13:55:08","slug":"easyrise-v","status":"publish","type":"product","link":"https:\/\/www.kuberth.com\/fr\/shop\/easyrise-v\/","title":{"rendered":"Easyrise V"},"content":{"rendered":"<p><strong>EASYRISE V<\/strong> est un coussin \u00e0 m\u00e9moire de forme qui \u00e9vite l&rsquo;ovalisation du pneu lors des longs arr\u00eats en r\u00e9partissant le poids de la voiture sur une surface d&rsquo;appui plus large.<\/p>\n<p>Un produit con\u00e7u pour l&rsquo;industrie automobile, taill\u00e9 sur mesure pour VINTAGE CARS.<\/p>\n<h3>CARACT\u00c9RISTIQUES TECHNIQUES<\/h3>\n<p>Polyur\u00e9thane auto-pelant \u00e0 m\u00e9moire de forme.<br \/>\nLa peinture r\u00e9alis\u00e9e manuellement et avec des peintures \u00e0 base d&rsquo;eau offre une excellente r\u00e9sistance aux rayons UV, de sorte qu&rsquo;elle peut \u00e9galement \u00eatre utilis\u00e9e dans des espaces ext\u00e9rieurs.<\/p>\n<h3>CE QUI COMPREND 1 TROUSSE<\/h3>\n<p>Chaque KIT se compose de 4 coussins et de 2 gelpads positionn\u00e9s sous chaque coussin. Les gelpads servent \u00e0 coller les coussins au sol. Si vous souhaitez repositionner les coussins, il suffit de laver \u00e0 l&rsquo;eau puis de s\u00e9cher les gelpads pour r\u00e9g\u00e9n\u00e9rer le pouvoir d&rsquo;adh\u00e9rence.<br \/>\nUn sac est \u00e9galement inclus pour ranger les coussins lorsqu&rsquo;ils ne sont pas utilis\u00e9s.<\/p>\n<h3>DIMENSIONS SUPPORT\u00c9ES<\/h3>\n<p>Largeur maximale du pneu &#8211; 230 mm<br \/>\nDiam\u00e8tre maximum recommand\u00e9 &#8211; 750 mm<br \/>\nPoids maximum recommand\u00e9 &#8211; 2200kg<\/p>\n","protected":false},"excerpt":{"rendered":"<p>EASYRISE V est un coussin \u00e0 m\u00e9moire de forme qui \u00e9vite l&rsquo;ovalisation du pneu [&#8230;]<\/p>\n<p><a class=\"btn btn-secondary understrap-read-more-link\" href=\"https:\/\/www.kuberth.com\/fr\/shop\/easyrise-v\/\">Lire la suite\u2026<span class=\"screen-reader-text\"> from Easyrise V<\/span><\/a><\/p>\n","protected":false},"featured_media":3748,"comment_status":"closed","ping_status":"closed","template":"","meta":{"_acf_changed":false},"product_brand":[],"product_cat":[132],"product_tag":[],"class_list":{"0":"post-3725","1":"product","2":"type-product","3":"status-publish","4":"has-post-thumbnail","6":"product_cat-uncategorized-fr","7":"product_shipping_class-easyrise-shipping-fr","9":"first","10":"instock","11":"taxable","12":"shipping-taxable","13":"purchasable","14":"product-type-variable"},"acf":[],"_links":{"self":[{"href":"https:\/\/www.kuberth.com\/fr\/wp-json\/wp\/v2\/product\/3725","targetHints":{"allow":["GET"]}}],"collection":[{"href":"https:\/\/www.kuberth.com\/fr\/wp-json\/wp\/v2\/product"}],"about":[{"href":"https:\/\/www.kuberth.com\/fr\/wp-json\/wp\/v2\/types\/product"}],"replies":[{"embeddable":true,"href":"https:\/\/www.kuberth.com\/fr\/wp-json\/wp\/v2\/comments?post=3725"}],"wp:featuredmedia":[{"embeddable":true,"href":"https:\/\/www.kuberth.com\/fr\/wp-json\/wp\/v2\/media\/3748"}],"wp:attachment":[{"href":"https:\/\/www.kuberth.com\/fr\/wp-json\/wp\/v2\/media?parent=3725"}],"wp:term":[{"taxonomy":"product_brand","embeddable":true,"href":"https:\/\/www.kuberth.com\/fr\/wp-json\/wp\/v2\/product_brand?post=3725"},{"taxonomy":"product_cat","embeddable":true,"href":"https:\/\/www.kuberth.com\/fr\/wp-json\/wp\/v2\/product_cat?post=3725"},{"taxonomy":"product_tag","embeddable":true,"href":"https:\/\/www.kuberth.com\/fr\/wp-json\/wp\/v2\/product_tag?post=3725"}],"curies":[{"name":"wp","href":"https:\/\/api.w.org\/{rel}","templated":true}]}}